{"id":688,"date":"2025-09-10T14:03:49","date_gmt":"2025-09-10T14:03:49","guid":{"rendered":"https:\/\/medea-sum.eu\/boite-a-outils\/"},"modified":"2026-02-10T14:27:00","modified_gmt":"2026-02-10T14:27:00","slug":"boite-a-outils","status":"publish","type":"page","link":"https:\/\/medea-sum.eu\/fr\/boite-a-outils\/","title":{"rendered":"Bo\u00eete \u00e0 outils"},"content":{"rendered":"<p>[et_pb_section fb_built=\u00a0\u00bb1&Prime; module_class=\u00a0\u00bbtoolkit\u00a0\u00bb _builder_version=\u00a0\u00bb4.27.4&Prime; _module_preset=\u00a0\u00bbdefault\u00a0\u00bb background_color=\u00a0\u00bb#FFF9F9&Prime; use_background_color_gradient=\u00a0\u00bbon\u00a0\u00bb background_color_gradient_direction=\u00a0\u00bb135deg\u00a0\u00bb background_color_gradient_stops=\u00a0\u00bb#000000 50%|#ff0000 100%\u00a0\u00bb custom_padding=\u00a0\u00bb120px||||false|false\u00a0\u00bb locked=\u00a0\u00bboff\u00a0\u00bb global_colors_info=\u00a0\u00bb{}\u00a0\u00bb][et_pb_row _builder_version=\u00a0\u00bb4.27.4&Prime; _module_preset=\u00a0\u00bbdefault\u00a0\u00bb global_colors_info=\u00a0\u00bb{}\u00a0\u00bb][et_pb_column type=\u00a0\u00bb4_4&Prime; _builder_version=\u00a0\u00bb4.27.4&Prime; _module_preset=\u00a0\u00bbdefault\u00a0\u00bb global_colors_info=\u00a0\u00bb{}\u00a0\u00bb][et_pb_post_title _builder_version=\u00a0\u00bb4.27.4&Prime; _module_preset=\u00a0\u00bbe6d1916d-979f-40d4-8a55-2342367bcdd6&Prime; title_text_color=\u00a0\u00bb#FFF9F9&Prime; title_font_size_tablet=\u00a0\u00bb\u00a0\u00bb title_font_size_phone=\u00a0\u00bb\u00a0\u00bb title_font_size_last_edited=\u00a0\u00bbon|phone\u00a0\u00bb global_colors_info=\u00a0\u00bb{}\u00a0\u00bb][\/et_pb_post_title][et_pb_text disabled_on=\u00a0\u00bboff|off|off\u00a0\u00bb _builder_version=\u00a0\u00bb4.27.4&Prime; _module_preset=\u00a0\u00bbdefault\u00a0\u00bb text_text_color=\u00a0\u00bb#FFF9F9&Prime; text_font_size=\u00a0\u00bb1.5rem\u00a0\u00bb max_width=\u00a0\u00bb700px\u00a0\u00bb global_colors_info=\u00a0\u00bb{}\u00a0\u00bb]<\/p>\n<p>Vous vous appr\u00eatez \u00e0 plonger dans la tragique histoire de M\u00e9d\u00e9e : cette bo\u00eete \u00e0 outil est faite pour vous guider dans cette aventure. Retrouvez ici toutes les ressources imprimables n\u00e9cessaires pour mener vos ateliers. <\/p>\n<p>[\/et_pb_text][\/et_pb_column][\/et_pb_row][et_pb_row use_custom_gutter=\u00a0\u00bbon\u00a0\u00bb gutter_width=\u00a0\u00bb2&Prime; make_equal=\u00a0\u00bbon\u00a0\u00bb disabled_on=\u00a0\u00bboff|off|off\u00a0\u00bb _builder_version=\u00a0\u00bb4.27.4&Prime; _module_preset=\u00a0\u00bbdefault\u00a0\u00bb global_colors_info=\u00a0\u00bb{}\u00a0\u00bb][et_pb_column type=\u00a0\u00bb4_4&Prime; _builder_version=\u00a0\u00bb4.27.4&Prime; _module_preset=\u00a0\u00bbdefault\u00a0\u00bb global_colors_info=\u00a0\u00bb{}\u00a0\u00bb][et_pb_accordion open_toggle_text_color=\u00a0\u00bb#000000&Prime; open_toggle_background_color=\u00a0\u00bb#FFF9F9&Prime; closed_toggle_background_color=\u00a0\u00bb#000000&Prime; icon_color=\u00a0\u00bb#FFF9F9&Prime; use_icon_font_size=\u00a0\u00bbon\u00a0\u00bb icon_font_size=\u00a0\u00bb24px\u00a0\u00bb module_class=\u00a0\u00bbtoolkit-accordion\u00a0\u00bb _builder_version=\u00a0\u00bb4.27.4&Prime; _module_preset=\u00a0\u00bbdefault\u00a0\u00bb toggle_text_color=\u00a0\u00bb#FFF9F9&Prime; toggle_level=\u00a0\u00bbh2&Prime; body_link_font=\u00a0\u00bb&#8211;et_global_body_font|500|||||||\u00a0\u00bb body_link_font_size=\u00a0\u00bb1.25rem\u00a0\u00bb max_width=\u00a0\u00bb700px\u00a0\u00bb custom_padding=\u00a0\u00bb||||false|false\u00a0\u00bb hover_enabled=\u00a0\u00bb0&Prime; border_radii=\u00a0\u00bbon|10px|10px|10px|10px\u00a0\u00bb border_width_all=\u00a0\u00bb0px\u00a0\u00bb border_color_all=\u00a0\u00bb#FFF9F9&Prime; global_colors_info=\u00a0\u00bb{}\u00a0\u00bb sticky_enabled=\u00a0\u00bb0&Prime;][et_pb_accordion_item title=\u00a0\u00bbGuide\u00a0\u00bb _builder_version=\u00a0\u00bb4.27.4&Prime; _module_preset=\u00a0\u00bbdefault\u00a0\u00bb custom_padding=\u00a0\u00bb30px|30px|30px|30px|true|true\u00a0\u00bb global_colors_info=\u00a0\u00bb{}\u00a0\u00bb open=\u00a0\u00bboff\u00a0\u00bb]<\/p>\n<p>Votre feuille de route pour mener vos ateliers : pr\u00e9sentation, attendus p\u00e9dagogiques, d\u00e9roul\u00e9 de s\u00e9ances, documents n\u00e9cessaires&#8230; tout est expliqu\u00e9 ici : suivez le guide !<\/p>\n<p><a href=\"#\">Coming soon<\/a><\/p>\n<p>[\/et_pb_accordion_item][et_pb_accordion_item title=\u00a0\u00bbLa lettre du juge\u00a0\u00bb _builder_version=\u00a0\u00bb4.27.4&Prime; _module_preset=\u00a0\u00bbdefault\u00a0\u00bb custom_padding=\u00a0\u00bb30px|30px|30px|30px|true|true\u00a0\u00bb global_colors_info=\u00a0\u00bb{}\u00a0\u00bb open=\u00a0\u00bboff\u00a0\u00bb]<\/p>\n<p>C\u2019est le point de d\u00e9part de cette enqu\u00eate collective : un juge en fin de carri\u00e8re revient sur une affaire qui le hante. Il fait appel \u00e0 toute personne de bonne volont\u00e9 pour rouvrir le dossier \u00ab M\u00e9d\u00e9e \u00bb et interroger la notion de Justice. <\/p>\n<p><a href=\"https:\/\/medea-sum.eu\/wp-content\/uploads\/2026\/02\/La-lettre-du-juge_FR.pdf\" target=\"_blank\" rel=\"noopener\" title=\"La lettre du Juge\">La lettre du Juge<\/a><\/p>\n<p>[\/et_pb_accordion_item][et_pb_accordion_item title=\u00a0\u00bbPreuves\u00a0\u00bb _builder_version=\u00a0\u00bb4.27.4&Prime; _module_preset=\u00a0\u00bbdefault\u00a0\u00bb custom_padding=\u00a0\u00bb30px|30px|30px|30px|true|true\u00a0\u00bb global_colors_info=\u00a0\u00bb{}\u00a0\u00bb open=\u00a0\u00bboff\u00a0\u00bb]<\/p>\n<p>Une somme de preuves qui serviront de sources d\u2019analyse \u00e0 vos \u00e9l\u00e8ves. Les preuves sont class\u00e9es, filtrables (par auteur, \u00e9poque, personnage, th\u00e8me\u2026) et imprimables. <\/p>\n<p><a href=\"https:\/\/medea-sum.eu\/fr\/boite-a-outils\/preuves\/\">En savoir plus<\/a><\/p>\n<p>[\/et_pb_accordion_item][et_pb_accordion_item title=\u00a0\u00bbCahiers d&apos;investigation\u00a0\u00bb open=\u00a0\u00bbon\u00a0\u00bb _builder_version=\u00a0\u00bb4.27.4&Prime; _module_preset=\u00a0\u00bbdefault\u00a0\u00bb custom_padding=\u00a0\u00bb30px|30px|30px|30px|true|true\u00a0\u00bb hover_enabled=\u00a0\u00bb0&Prime; global_colors_info=\u00a0\u00bb{}\u00a0\u00bb sticky_enabled=\u00a0\u00bb0&Prime;]<\/p>\n<p>Ces carnets sont des propositions de th\u00e8mes d\u2019investigation \u00ab cl\u00e9 en main \u00bb : selon le th\u00e8me choisi, les preuves sont d\u00e9j\u00e0 tri\u00e9es et incluses dans un dossier d\u2019enqu\u00eate imprimable.<\/p>\n<p><a href=\"https:\/\/medea-sum.eu\/wp-content\/uploads\/2025\/10\/investigation-notebook.pdf\" target=\"_blank\" rel=\"noopener\">M\u00e9d\u00e9e, femme trahie ?<\/a><\/p>\n<p><a href=\"https:\/\/medea-sum.eu\/wp-content\/uploads\/2026\/02\/CAHIER-DINVESTIGATION_CORNEILLE.pdf\">Corneille<\/a><\/p>\n<p><a href=\"https:\/\/medea-sum.eu\/wp-content\/uploads\/2026\/02\/CAHIER-DINVESTIGATION_NORMES_DE_GENRE_PATRIARCAT.pdf\">Normes de genre &amp; Patriarcat<\/a><\/p>\n<p><a href=\"https:\/\/medea-sum.eu\/wp-content\/uploads\/2026\/02\/CAHIER-DINVESTIGATION_EXIL.pdf\">Exil &amp; Condition d&rsquo;\u00e9trang\u00e8re<\/a><\/p>\n<p>[\/et_pb_accordion_item][et_pb_accordion_item title=\u00a0\u00bbFiches personnages\u00a0\u00bb _builder_version=\u00a0\u00bb4.27.4&Prime; _module_preset=\u00a0\u00bbdefault\u00a0\u00bb custom_padding=\u00a0\u00bb30px|30px|30px|30px|true|true\u00a0\u00bb global_colors_info=\u00a0\u00bb{}\u00a0\u00bb open=\u00a0\u00bboff\u00a0\u00bb]<\/p>\n<p>M\u00e9d\u00e9e, Cr\u00e9use, Jason, Cr\u00e9on\u2026 chaque personnage a ses zones d\u2019ombre et ses int\u00e9r\u00eats personnels. Ces fiches sont des supports pour explorer les personnages plus en profondeur. <\/p>\n<p><a href=\"https:\/\/medea-sum.eu\/wp-content\/uploads\/2026\/02\/FICHE_PERSO_EGEE.pdf\">Eg\u00e9e<\/a><\/p>\n<p><a href=\"https:\/\/medea-sum.eu\/wp-content\/uploads\/2026\/02\/FICHE_PERSO_CORNEILLE.pdf\">Corneille<\/a><\/p>\n<p><a href=\"https:\/\/medea-sum.eu\/wp-content\/uploads\/2026\/02\/FICHIER_PERSO_CREON.pdf\">Cr\u00e9on<\/a><\/p>\n<p><a href=\"https:\/\/medea-sum.eu\/wp-content\/uploads\/2026\/02\/FICHE_PERSO_EURIPIDE.pdf\">Euripide<\/a><\/p>\n<p><a href=\"https:\/\/medea-sum.eu\/wp-content\/uploads\/2026\/02\/FICHE_PERSO_CREUSE.pdf\">Cr\u00e9use<\/a><\/p>\n<p><a href=\"https:\/\/medea-sum.eu\/wp-content\/uploads\/2026\/02\/FICHE_PERSO_JASON.pdf\">Jason<\/a><\/p>\n<p><a href=\"https:\/\/medea-sum.eu\/wp-content\/uploads\/2026\/02\/FICHIER_PERSO_MEDEE.pdf\">M\u00e9d\u00e9e<\/a><\/p>\n<p><a href=\"https:\/\/medea-sum.eu\/wp-content\/uploads\/2026\/02\/FICHE_PERSO_MESSAGER.pdf\">Le Messager<\/a><\/p>\n<p><a href=\"https:\/\/medea-sum.eu\/wp-content\/uploads\/2026\/02\/FICHE_PERSO_NERINE.pdf\">N\u00e9rine<\/a><\/p>\n<p><a href=\"https:\/\/medea-sum.eu\/wp-content\/uploads\/2026\/02\/FICHE_PERSO_SENEQUE.pdf\">S\u00e9n\u00e8que<\/a><\/p>\n<p>[\/et_pb_accordion_item][\/et_pb_accordion][\/et_pb_column][\/et_pb_row][et_pb_row column_structure=\u00a0\u00bb2_3,1_3&Prime; use_custom_gutter=\u00a0\u00bbon\u00a0\u00bb gutter_width=\u00a0\u00bb2&Prime; make_equal=\u00a0\u00bbon\u00a0\u00bb disabled_on=\u00a0\u00bbon|on|on\u00a0\u00bb _builder_version=\u00a0\u00bb4.27.4&Prime; _module_preset=\u00a0\u00bbdefault\u00a0\u00bb custom_padding=\u00a0\u00bb0px||0px||true|false\u00a0\u00bb disabled=\u00a0\u00bbon\u00a0\u00bb global_colors_info=\u00a0\u00bb{}\u00a0\u00bb][et_pb_column type=\u00a0\u00bb2_3&Prime; _builder_version=\u00a0\u00bb4.27.4&Prime; _module_preset=\u00a0\u00bbdefault\u00a0\u00bb global_colors_info=\u00a0\u00bb{}\u00a0\u00bb][et_pb_accordion open_toggle_text_color=\u00a0\u00bb#000000&Prime; open_toggle_background_color=\u00a0\u00bb#FFF9F9&Prime; closed_toggle_background_color=\u00a0\u00bb#000000&Prime; icon_color=\u00a0\u00bb#FFF9F9&Prime; use_icon_font_size=\u00a0\u00bbon\u00a0\u00bb icon_font_size=\u00a0\u00bb24px\u00a0\u00bb module_class=\u00a0\u00bbtoolkit-accordion\u00a0\u00bb _builder_version=\u00a0\u00bb4.27.4&Prime; _module_preset=\u00a0\u00bbdefault\u00a0\u00bb toggle_text_color=\u00a0\u00bb#FFF9F9&Prime; toggle_level=\u00a0\u00bbh2&Prime; body_link_font=\u00a0\u00bb&#8211;et_global_body_font|500|||||||\u00a0\u00bb body_link_font_size=\u00a0\u00bb1.25rem\u00a0\u00bb max_width=\u00a0\u00bb700px\u00a0\u00bb custom_padding=\u00a0\u00bb||||false|false\u00a0\u00bb border_radii=\u00a0\u00bbon|10px|10px|10px|10px\u00a0\u00bb border_width_all=\u00a0\u00bb0px\u00a0\u00bb border_color_all=\u00a0\u00bb#FFF9F9&Prime; global_colors_info=\u00a0\u00bb{}\u00a0\u00bb][et_pb_accordion_item title=\u00a0\u00bbGuide\u00a0\u00bb open=\u00a0\u00bbon\u00a0\u00bb _builder_version=\u00a0\u00bb4.27.4&Prime; _module_preset=\u00a0\u00bbdefault\u00a0\u00bb custom_padding=\u00a0\u00bb30px|30px|30px|30px|true|true\u00a0\u00bb global_colors_info=\u00a0\u00bb{}\u00a0\u00bb]<\/p>\n<p>Lorem ipsum dolor sit amet, consectetur adipiscing elit, sed do eiusmod tempor incididunt ut labore et dolore magna aliqua. Ut enim ad minim veniam, quis nostrud exercitation ullamco laboris nisi ut aliquip ex ea commodo consequat. <\/p>\n<p><a href=\"#\">Coming soon<\/a><\/p>\n<p>[\/et_pb_accordion_item][et_pb_accordion_item title=\u00a0\u00bbLa lettre du juge\u00a0\u00bb _builder_version=\u00a0\u00bb4.27.4&Prime; _module_preset=\u00a0\u00bbdefault\u00a0\u00bb custom_padding=\u00a0\u00bb30px|30px|30px|30px|true|true\u00a0\u00bb global_colors_info=\u00a0\u00bb{}\u00a0\u00bb open=\u00a0\u00bboff\u00a0\u00bb]<\/p>\n<p>Lorem ipsum dolor sit amet, consectetur adipiscing elit, sed do eiusmod tempor incididunt ut labore et dolore magna aliqua. Ut enim ad minim veniam, quis nostrud exercitation ullamco laboris nisi ut aliquip ex ea commodo consequat. <\/p>\n<p><a href=\"#\">Coming soon<\/a><\/p>\n<p>[\/et_pb_accordion_item][et_pb_accordion_item title=\u00a0\u00bbCahiers d&apos;investigation\u00a0\u00bb _builder_version=\u00a0\u00bb4.27.4&Prime; _module_preset=\u00a0\u00bbdefault\u00a0\u00bb custom_padding=\u00a0\u00bb30px|30px|30px|30px|true|true\u00a0\u00bb global_colors_info=\u00a0\u00bb{}\u00a0\u00bb open=\u00a0\u00bboff\u00a0\u00bb]<\/p>\n<p>Lorem ipsum dolor sit amet, consectetur adipiscing elit, sed do eiusmod tempor incididunt ut labore et dolore magna aliqua. Ut enim ad minim veniam, quis nostrud exercitation ullamco laboris nisi ut aliquip ex ea commodo consequat. <\/p>\n<p><a href=\"https:\/\/medea-sum.eu\/wp-content\/uploads\/2025\/10\/investigation-notebook.pdf\" target=\"_blank\" rel=\"noopener\">M\u00e9d\u00e9e, femme trahie ?<\/a><\/p>\n<p>[\/et_pb_accordion_item][et_pb_accordion_item title=\u00a0\u00bbFiches personnages\u00a0\u00bb _builder_version=\u00a0\u00bb4.27.4&Prime; _module_preset=\u00a0\u00bbdefault\u00a0\u00bb custom_padding=\u00a0\u00bb30px|30px|30px|30px|true|true\u00a0\u00bb global_colors_info=\u00a0\u00bb{}\u00a0\u00bb open=\u00a0\u00bboff\u00a0\u00bb]<\/p>\n<p>Lorem ipsum dolor sit amet, consectetur adipiscing elit, sed do eiusmod tempor incididunt ut labore et dolore magna aliqua. Ut enim ad minim veniam, quis nostrud exercitation ullamco laboris nisi ut aliquip ex ea commodo consequat. <\/p>\n<p><a href=\"#\">Coming soon<\/a><\/p>\n<p>[\/et_pb_accordion_item][\/et_pb_accordion][\/et_pb_column][et_pb_column type=\u00a0\u00bb1_3&Prime; _builder_version=\u00a0\u00bb4.27.4&Prime; _module_preset=\u00a0\u00bbdefault\u00a0\u00bb global_colors_info=\u00a0\u00bb{}\u00a0\u00bb][et_pb_text _builder_version=\u00a0\u00bb4.27.4&Prime; _module_preset=\u00a0\u00bbdefault\u00a0\u00bb text_text_color=\u00a0\u00bb#FFF9F9&Prime; header_2_text_color=\u00a0\u00bb#FFF9F9&Prime; global_colors_info=\u00a0\u00bb{}\u00a0\u00bb]<\/p>\n<h2>Preuves<\/h2>\n<p>Lorem ipsum dolor sit amet, consectetur adipiscing elit, sed do eiusmod tempor incididunt ut labore et dolore magna aliqua. Ut enim ad minim veniam, quis nostrud exercitation ullamco laboris nisi ut aliquip ex ea commodo consequat. <\/p>\n<p>[\/et_pb_text][et_pb_button button_text=\u00a0\u00bbEn savoir plus\u00a0\u00bb _builder_version=\u00a0\u00bb4.27.4&Prime; _module_preset=\u00a0\u00bbfb35bcda-d9b4-4dc8-9922-d372b9b4756a\u00a0\u00bb global_colors_info=\u00a0\u00bb{}\u00a0\u00bb][\/et_pb_button][\/et_pb_column][\/et_pb_row][et_pb_row use_custom_gutter=\u00a0\u00bbon\u00a0\u00bb gutter_width=\u00a0\u00bb2&Prime; make_equal=\u00a0\u00bbon\u00a0\u00bb disabled_on=\u00a0\u00bbon|on|on\u00a0\u00bb _builder_version=\u00a0\u00bb4.27.4&Prime; _module_preset=\u00a0\u00bbdefault\u00a0\u00bb custom_padding=\u00a0\u00bb0px||0px||true|false\u00a0\u00bb disabled=\u00a0\u00bbon\u00a0\u00bb global_colors_info=\u00a0\u00bb{}\u00a0\u00bb][et_pb_column type=\u00a0\u00bb4_4&Prime; _builder_version=\u00a0\u00bb4.27.4&Prime; _module_preset=\u00a0\u00bbdefault\u00a0\u00bb global_colors_info=\u00a0\u00bb{}\u00a0\u00bb][et_pb_text _builder_version=\u00a0\u00bb4.27.4&Prime; _module_preset=\u00a0\u00bbdefault\u00a0\u00bb background_color=\u00a0\u00bb#FFF9F9&Prime; custom_margin=\u00a0\u00bb||0px||false|false\u00a0\u00bb custom_padding=\u00a0\u00bb30px|30px|30px|30px|true|true\u00a0\u00bb global_colors_info=\u00a0\u00bb{}\u00a0\u00bb]<\/p>\n<h2>La lettre du juge<\/h2>\n<p>[\/et_pb_text][\/et_pb_column][\/et_pb_row][et_pb_row column_structure=\u00a0\u00bb3_5,2_5&Prime; use_custom_gutter=\u00a0\u00bbon\u00a0\u00bb gutter_width=\u00a0\u00bb2&Prime; make_equal=\u00a0\u00bbon\u00a0\u00bb disabled_on=\u00a0\u00bbon|on|on\u00a0\u00bb _builder_version=\u00a0\u00bb4.27.4&Prime; _module_preset=\u00a0\u00bbdefault\u00a0\u00bb custom_padding=\u00a0\u00bb0px||0px||true|false\u00a0\u00bb disabled=\u00a0\u00bbon\u00a0\u00bb global_colors_info=\u00a0\u00bb{}\u00a0\u00bb][et_pb_column type=\u00a0\u00bb3_5&Prime; _builder_version=\u00a0\u00bb4.27.4&Prime; _module_preset=\u00a0\u00bbdefault\u00a0\u00bb global_colors_info=\u00a0\u00bb{}\u00a0\u00bb][et_pb_text _builder_version=\u00a0\u00bb4.27.4&Prime; _module_preset=\u00a0\u00bbdefault\u00a0\u00bb background_color=\u00a0\u00bb#FFF9F9&Prime; custom_margin=\u00a0\u00bb||||false|false\u00a0\u00bb custom_padding=\u00a0\u00bb30px|30px|30px|30px|true|true\u00a0\u00bb global_colors_info=\u00a0\u00bb{}\u00a0\u00bb]<\/p>\n<p>Lorem ipsum dolor sit amet, consectetur adipiscing elit, sed do eiusmod tempor incididunt ut labore et dolore magna aliqua. Ut enim ad minim veniam, quis nostrud exercitation ullamco laboris nisi ut aliquip ex ea commodo consequat. <\/p>\n<p>[\/et_pb_text][\/et_pb_column][et_pb_column type=\u00a0\u00bb2_5&Prime; _builder_version=\u00a0\u00bb4.27.4&Prime; _module_preset=\u00a0\u00bbdefault\u00a0\u00bb global_colors_info=\u00a0\u00bb{}\u00a0\u00bb][\/et_pb_column][\/et_pb_row][\/et_pb_section]<\/p>\n","protected":false},"excerpt":{"rendered":"<p>Vous vous appr\u00eatez \u00e0 plonger dans la tragique histoire de M\u00e9d\u00e9e : cette bo\u00eete \u00e0 outil est faite pour vous guider dans cette aventure. Retrouvez ici toutes les ressources imprimables n\u00e9cessaires pour mener vos ateliers. Votre feuille de route pour mener vos ateliers : pr\u00e9sentation, attendus p\u00e9dagogiques, d\u00e9roul\u00e9 de s\u00e9ances, documents n\u00e9cessaires&#8230; tout est expliqu\u00e9 [&hellip;]<\/p>\n","protected":false},"author":1,"featured_media":0,"parent":0,"menu_order":0,"comment_status":"closed","ping_status":"closed","template":"","meta":{"_acf_changed":false,"_et_pb_use_builder":"on","_et_pb_old_content":"","_et_gb_content_width":"","footnotes":""},"class_list":["post-688","page","type-page","status-publish","hentry"],"acf":[],"_links":{"self":[{"href":"https:\/\/medea-sum.eu\/fr\/wp-json\/wp\/v2\/pages\/688","targetHints":{"allow":["GET"]}}],"collection":[{"href":"https:\/\/medea-sum.eu\/fr\/wp-json\/wp\/v2\/pages"}],"about":[{"href":"https:\/\/medea-sum.eu\/fr\/wp-json\/wp\/v2\/types\/page"}],"author":[{"embeddable":true,"href":"https:\/\/medea-sum.eu\/fr\/wp-json\/wp\/v2\/users\/1"}],"replies":[{"embeddable":true,"href":"https:\/\/medea-sum.eu\/fr\/wp-json\/wp\/v2\/comments?post=688"}],"version-history":[{"count":74,"href":"https:\/\/medea-sum.eu\/fr\/wp-json\/wp\/v2\/pages\/688\/revisions"}],"predecessor-version":[{"id":1092,"href":"https:\/\/medea-sum.eu\/fr\/wp-json\/wp\/v2\/pages\/688\/revisions\/1092"}],"wp:attachment":[{"href":"https:\/\/medea-sum.eu\/fr\/wp-json\/wp\/v2\/media?parent=688"}],"curies":[{"name":"wp","href":"https:\/\/api.w.org\/{rel}","templated":true}]}}