{"id":677,"date":"2025-09-10T09:21:04","date_gmt":"2025-09-10T09:21:04","guid":{"rendered":"https:\/\/medea-sum.eu\/home\/"},"modified":"2026-01-21T15:00:33","modified_gmt":"2026-01-21T15:00:33","slug":"home","status":"publish","type":"page","link":"https:\/\/medea-sum.eu\/fr\/","title":{"rendered":"Home"},"content":{"rendered":"<p>[et_pb_section fb_built=\u00a0\u00bb1&Prime; custom_padding_last_edited=\u00a0\u00bboff|desktop\u00a0\u00bb module_class=\u00a0\u00bbhome-header\u00a0\u00bb _builder_version=\u00a0\u00bb4.27.4&Prime; _module_preset=\u00a0\u00bb8fadd063-f093-402d-888a-2819531cb5dc\u00a0\u00bb use_background_color_gradient=\u00a0\u00bbon\u00a0\u00bb background_color_gradient_direction=\u00a0\u00bb45deg\u00a0\u00bb background_color_gradient_stops=\u00a0\u00bbrgba(0,207,255,0.2) 0%|rgba(0,207,255,0) 50%\u00a0\u00bb overflow-x=\u00a0\u00bbhidden\u00a0\u00bb overflow-y=\u00a0\u00bbvisible\u00a0\u00bb custom_padding=\u00a0\u00bb0px||0px||true|false\u00a0\u00bb custom_padding_tablet=\u00a0\u00bb||||false|false\u00a0\u00bb global_colors_info=\u00a0\u00bb{}\u00a0\u00bb][et_pb_row column_structure=\u00a0\u00bb1_2,1_2&Prime; make_equal=\u00a0\u00bbon\u00a0\u00bb custom_padding_last_edited=\u00a0\u00bboff|desktop\u00a0\u00bb _builder_version=\u00a0\u00bb4.27.4&Prime; _module_preset=\u00a0\u00bbdefault\u00a0\u00bb positioning=\u00a0\u00bbnone\u00a0\u00bb min_height=\u00a0\u00bb100vh\u00a0\u00bb custom_padding=\u00a0\u00bb70px||70px||true|false\u00a0\u00bb global_colors_info=\u00a0\u00bb{}\u00a0\u00bb][et_pb_column type=\u00a0\u00bb1_2&Prime; _builder_version=\u00a0\u00bb4.27.4&Prime; _module_preset=\u00a0\u00bbdefault\u00a0\u00bb global_colors_info=\u00a0\u00bb{}\u00a0\u00bb][et_pb_text _builder_version=\u00a0\u00bb4.27.4&Prime; _module_preset=\u00a0\u00bbcee7489d-3f5e-4612-aa85-cee65981182e\u00a0\u00bb max_width=\u00a0\u00bb520px\u00a0\u00bb global_colors_info=\u00a0\u00bb{}\u00a0\u00bb]<\/p>\n<h2>Medea Sum<\/h2>\n<p>Un projet europ\u00e9en visant \u00e0 d\u00e9mocratiser l&rsquo;acc\u00e8s \u00e0 la culture classique gr\u00e2ce \u00e0 une p\u00e9dagogie interactive et inclusive.<\/p>\n<p>[\/et_pb_text][et_pb_button button_url=\u00a0\u00bb@ET-DC@eyJkeW5hbWljIjp0cnVlLCJjb250ZW50IjoicG9zdF9saW5rX3VybF9wYWdlIiwic2V0dGluZ3MiOnsicG9zdF9pZCI6IjU1MSJ9fQ==@\u00a0\u00bb button_text=\u00a0\u00bbEn savoir plus\u00a0\u00bb _builder_version=\u00a0\u00bb4.27.4&Prime; _dynamic_attributes=\u00a0\u00bbbutton_url\u00a0\u00bb _module_preset=\u00a0\u00bb056bc8dd-4df0-4482-b266-688eeeada299&Prime; custom_margin=\u00a0\u00bb||70px||false|false\u00a0\u00bb custom_margin_tablet=\u00a0\u00bb||0px||false|false\u00a0\u00bb custom_margin_phone=\u00a0\u00bb||0px||false|false\u00a0\u00bb custom_margin_last_edited=\u00a0\u00bbon|phone\u00a0\u00bb global_colors_info=\u00a0\u00bb{}\u00a0\u00bb][\/et_pb_button][\/et_pb_column][et_pb_column type=\u00a0\u00bb1_2&Prime; module_class=\u00a0\u00bbdc-centrer-verticalement\u00a0\u00bb _builder_version=\u00a0\u00bb4.27.4&Prime; _module_preset=\u00a0\u00bbdefault\u00a0\u00bb global_colors_info=\u00a0\u00bb{}\u00a0\u00bb][et_pb_image src=\u00a0\u00bbhttps:\/\/medea-sum.eu\/wp-content\/uploads\/2025\/09\/home-header-illustration.png\u00a0\u00bb title_text=\u00a0\u00bbhome-header-illustration\u00a0\u00bb show_bottom_space=\u00a0\u00bboff\u00a0\u00bb _builder_version=\u00a0\u00bb4.27.4&Prime; _module_preset=\u00a0\u00bbdefault\u00a0\u00bb transform_translate=\u00a0\u00bb-50%|0px\u00a0\u00bb transform_translate_linked=\u00a0\u00bboff\u00a0\u00bb positioning=\u00a0\u00bbrelative\u00a0\u00bb horizontal_offset=\u00a0\u00bb50%\u00a0\u00bb width=\u00a0\u00bb120%\u00a0\u00bb custom_margin=\u00a0\u00bb||||false|false\u00a0\u00bb custom_margin_tablet=\u00a0\u00bb||||false|false\u00a0\u00bb custom_margin_phone=\u00a0\u00bb50px||50px||true|false\u00a0\u00bb custom_margin_last_edited=\u00a0\u00bbon|phone\u00a0\u00bb global_colors_info=\u00a0\u00bb{}\u00a0\u00bb][\/et_pb_image][\/et_pb_column][\/et_pb_row][\/et_pb_section][et_pb_section fb_built=\u00a0\u00bb1&Prime; _builder_version=\u00a0\u00bb4.27.4&Prime; _module_preset=\u00a0\u00bbdefault\u00a0\u00bb use_background_color_gradient=\u00a0\u00bbon\u00a0\u00bb background_color_gradient_direction=\u00a0\u00bb135deg\u00a0\u00bb background_color_gradient_stops=\u00a0\u00bbrgba(0,207,255,0.2) 0%|rgba(0,207,255,0) 50%|rgba(0,207,255,0.2) 100%\u00a0\u00bb global_colors_info=\u00a0\u00bb{}\u00a0\u00bb][et_pb_row column_structure=\u00a0\u00bb2_3,1_3&Prime; use_custom_gutter=\u00a0\u00bbon\u00a0\u00bb gutter_width=\u00a0\u00bb1&Prime; make_equal=\u00a0\u00bbon\u00a0\u00bb _builder_version=\u00a0\u00bb4.27.4&Prime; _module_preset=\u00a0\u00bbdefault\u00a0\u00bb global_colors_info=\u00a0\u00bb{}\u00a0\u00bb][et_pb_column type=\u00a0\u00bb2_3&Prime; _builder_version=\u00a0\u00bb4.27.4&Prime; _module_preset=\u00a0\u00bbdefault\u00a0\u00bb global_colors_info=\u00a0\u00bb{}\u00a0\u00bb][et_pb_text _builder_version=\u00a0\u00bb4.27.4&Prime; _module_preset=\u00a0\u00bb85f4add0-cad4-4dbb-b23e-a5f96661612a\u00a0\u00bb global_colors_info=\u00a0\u00bb{}\u00a0\u00bb]<\/p>\n<h2>Actualit\u00e9s<\/h2>\n<p>[\/et_pb_text][\/et_pb_column][et_pb_column type=\u00a0\u00bb1_3&Prime; _builder_version=\u00a0\u00bb4.27.4&Prime; _module_preset=\u00a0\u00bbdefault\u00a0\u00bb global_colors_info=\u00a0\u00bb{}\u00a0\u00bb][et_pb_button button_url=\u00a0\u00bb@ET-DC@eyJkeW5hbWljIjp0cnVlLCJjb250ZW50IjoicG9zdF9saW5rX3VybF9wYWdlIiwic2V0dGluZ3MiOnsicG9zdF9pZCI6Ijk0In19@\u00a0\u00bb button_text=\u00a0\u00bbToutes les actualit\u00e9s\u00a0\u00bb button_alignment=\u00a0\u00bbright\u00a0\u00bb button_alignment_tablet=\u00a0\u00bbleft\u00a0\u00bb button_alignment_phone=\u00a0\u00bbleft\u00a0\u00bb button_alignment_last_edited=\u00a0\u00bbon|desktop\u00a0\u00bb _builder_version=\u00a0\u00bb4.27.4&Prime; _dynamic_attributes=\u00a0\u00bbbutton_url\u00a0\u00bb _module_preset=\u00a0\u00bb056bc8dd-4df0-4482-b266-688eeeada299&Prime; custom_margin=\u00a0\u00bb||||false|false\u00a0\u00bb hover_enabled=\u00a0\u00bb0&Prime; global_colors_info=\u00a0\u00bb{}\u00a0\u00bb sticky_enabled=\u00a0\u00bb0&Prime;][\/et_pb_button][\/et_pb_column][\/et_pb_row][et_pb_row _builder_version=\u00a0\u00bb4.27.4&Prime; _module_preset=\u00a0\u00bbdefault\u00a0\u00bb global_colors_info=\u00a0\u00bb{}\u00a0\u00bb][et_pb_column type=\u00a0\u00bb4_4&Prime; _builder_version=\u00a0\u00bb4.27.4&Prime; _module_preset=\u00a0\u00bbdefault\u00a0\u00bb global_colors_info=\u00a0\u00bb{}\u00a0\u00bb][et_pb_code _builder_version=\u00a0\u00bb4.27.4&Prime; _module_preset=\u00a0\u00bbdefault\u00a0\u00bb global_colors_info=\u00a0\u00bb{}\u00a0\u00bb]<!-- Gridbuilder \u1d42\u1d3e Plugin (https:\/\/wpgridbuilder.com) -->\n<div class=\"wp-grid-builder wpgb-grid-3 news-grid\" data-options=\"{&quot;id&quot;:3,&quot;type&quot;:&quot;masonry&quot;,&quot;source&quot;:&quot;post_type&quot;,&quot;loader&quot;:false,&quot;layout&quot;:&quot;vertical&quot;,&quot;reveal&quot;:0,&quot;isMainQuery&quot;:0,&quot;lazyLoad&quot;:false,&quot;cardSizes&quot;:{&quot;640&quot;:{&quot;columns&quot;:1,&quot;height&quot;:200,&quot;gutter&quot;:16,&quot;ratio&quot;:&quot;1.33333&quot;}},&quot;fitRows&quot;:false,&quot;equalRows&quot;:0,&quot;equalColumns&quot;:false,&quot;fillLastRow&quot;:0,&quot;centerLastRow&quot;:0,&quot;horizontalOrder&quot;:false,&quot;fullWidth&quot;:false,&quot;transitionDelay&quot;:100,&quot;gallerySlideshow&quot;:false,&quot;rowsNumber&quot;:1,&quot;slideAlign&quot;:&quot;left&quot;,&quot;groupCells&quot;:1,&quot;draggable&quot;:true,&quot;initialIndex&quot;:0,&quot;contain&quot;:false,&quot;freeScroll&quot;:false,&quot;freeFriction&quot;:&quot;0.075&quot;,&quot;friction&quot;:&quot;0.285&quot;,&quot;attraction&quot;:&quot;0.025&quot;,&quot;autoPlay&quot;:0,&quot;pageDotAriaLabel&quot;:&quot;Point de page %d&quot;,&quot;isPreview&quot;:false,&quot;isGutenberg&quot;:false,&quot;rightToLeft&quot;:false}\"><div class=\"wpgb-svg-icons\" hidden>\n\t<svg viewBox=\"0 0 120 24\" width=\"0\" height=\"0\">\n\t<defs>\n        <polygon id=\"wpgb-star-svg\" points=\"12 2.5 15.1 8.8 22 9.8 17 14.6 18.2 21.5 12 18.3 5.8 21.5 7 14.6 2 9.8 8.9 8.8\"><\/polygon>\n    <\/defs>\n    <symbol id=\"wpgb-rating-stars-svg\">\n        <use xlink:href=\"#wpgb-star-svg\"><\/use>\n        <use xlink:href=\"#wpgb-star-svg\" x=\"24\"><\/use>\n        <use xlink:href=\"#wpgb-star-svg\" x=\"48\"><\/use>\n        <use xlink:href=\"#wpgb-star-svg\" x=\"72\"><\/use>\n        <use xlink:href=\"#wpgb-star-svg\" x=\"96\"><\/use>\n    <\/symbol>\n<\/svg>\n<\/div>\n<div class=\"wpgb-wrapper\">\n\t<div class=\"wpgb-main\">\n\t<div class=\"wpgb-layout\">\n\t<div class=\"wpgb-viewport\">\n\t\t<div class=\"wpgb-masonry\">\n\t\t\t<article class=\"wpgb-card wpgb-card-1 wpgb-post-946\" data-col=\"1\" data-row=\"1\" data-format=\"standard\"><div class=\"wpgb-card-wrapper\"><div class=\"wpgb-card-inner\" data-action><div class=\"wpgb-card-media wpgb-scheme-light\"><svg data-ratio style=\"padding-top:75%\" viewBox=\"0 0 768 576\" aria-hidden=\"true\"><\/svg><div class=\"wpgb-card-media-thumbnail\"><a href=\"https:\/\/medea-sum.eu\/wp-content\/uploads\/2026\/01\/Ceiling_Apollo_Theatre_-_Euripides-scaled.jpg\" tabindex=\"-1\" class=\"wpgb-handle-lb wpgb-lightbox\" data-type=\"image\" data-rel=\"3\" data-title=\"Ceiling_Apollo_Theatre_-_Euripides\" title=\"Agrandir la photo\"><div style=\"background-image:url(https:\/\/medea-sum.eu\/wp-content\/uploads\/2026\/01\/Ceiling_Apollo_Theatre_-_Euripides-768x576.jpg)\"><\/div><noscript><img loading=\"lazy\" decoding=\"async\" class=\"wpgb-noscript-img\" src=\"https:\/\/medea-sum.eu\/wp-content\/uploads\/2026\/01\/Ceiling_Apollo_Theatre_-_Euripides-768x576.jpg\" alt=\"Ceiling of the Apollo Theatre. Par TakisA1 \u2014 Travail personnel, CC BY-SA 4.0, https:\/\/commons.wikimedia.org\/w\/index.php?curid=70207354\" height=\"576\" width=\"768\"><\/noscript><\/a><\/div><div class=\"wpgb-card-media-overlay\"><\/div><\/div><div class=\"wpgb-card-content wpgb-scheme-dark\"><div class=\"wpgb-card-body\"><time class=\"wpgb-block-1\" datetime=\"2026-01-26T09:44:15+00:00\">26\/01\/2026<\/time><h3 class=\"wpgb-block-2\">Comment est n\u00e9 le mythe de M\u00e9d\u00e9e comme \u00ab\u00a0mater terribilis\u00a0\u00bb ?<\/h3><p class=\"wpgb-block-3\">Au printemps de 431 av. J.-C., \u00e0 Ath\u00e8nes, le concours th\u00e9\u00e2tral de drames qui se tenait pendant les f\u00eates religieuses en l\u2019honneur de Dionysos, les \u00ab Grandes Dionysies \u00bb, fut remport\u00e9 par Euphorion, fils d\u2019Eschyle....<\/p><\/div><\/div><a class=\"wpgb-card-layer-link\" aria-label=\"Comment est n\u00e9 le mythe de M\u00e9d\u00e9e comme \u00ab\u00a0mater terribilis\u00a0\u00bb ?\" href=\"https:\/\/medea-sum.eu\/fr\/2026\/01\/26\/comment-est-ne-le-mythe-de-medee-comme-mater-terribilis\/\"><\/a><\/div><\/div><\/article><article class=\"wpgb-card wpgb-card-1 wpgb-post-837\" data-col=\"1\" data-row=\"1\" data-format=\"standard\"><div class=\"wpgb-card-wrapper\"><div class=\"wpgb-card-inner\" data-action><div class=\"wpgb-card-media wpgb-scheme-light\"><svg data-ratio style=\"padding-top:84.81%\" viewBox=\"0 0 586 497\" aria-hidden=\"true\"><\/svg><div class=\"wpgb-card-media-thumbnail\"><a href=\"https:\/\/medea-sum.eu\/wp-content\/uploads\/2025\/10\/Alfons_Mucha_-_Medea-e1761644697734.jpg\" tabindex=\"-1\" class=\"wpgb-handle-lb wpgb-lightbox\" data-type=\"image\" data-rel=\"3\" data-title=\"Medea\" data-desc=\"Source: Wikimedia Commons\" title=\"Agrandir la photo\"><div style=\"background-image:url(https:\/\/medea-sum.eu\/wp-content\/uploads\/2025\/10\/Alfons_Mucha_-_Medea-e1761644697734.jpg)\"><\/div><noscript><img loading=\"lazy\" decoding=\"async\" class=\"wpgb-noscript-img\" src=\"https:\/\/medea-sum.eu\/wp-content\/uploads\/2025\/10\/Alfons_Mucha_-_Medea-e1761644697734.jpg\" alt=\"&#039;Medea&#039; Poster by Alfons Mucha.\" height=\"497\" width=\"586\"><\/noscript><\/a><\/div><div class=\"wpgb-card-media-overlay\"><\/div><\/div><div class=\"wpgb-card-content wpgb-scheme-dark\"><div class=\"wpgb-card-body\"><time class=\"wpgb-block-1\" datetime=\"2025-10-28T09:53:24+00:00\">28\/10\/2025<\/time><h3 class=\"wpgb-block-2\">Comment le th\u00e9\u00e2tre peut aider les \u00e9l\u00e8ves \u00e0 apprendre : Le projet Medea Sum<\/h3><p class=\"wpgb-block-3\">Le th\u00e9\u00e2tre ne se contente pas de divertir ; dans le domaine de l&rsquo;\u00e9ducation, il devient un puissant outil d&rsquo;apprentissage. Le projet europ\u00e9en Medea Sum, qui fait partie du programme Erasmus+ 2024-2026, montre comment le...<\/p><\/div><\/div><a class=\"wpgb-card-layer-link\" aria-label=\"Comment le th\u00e9\u00e2tre peut aider les \u00e9l\u00e8ves \u00e0 apprendre : Le projet Medea Sum\" href=\"https:\/\/medea-sum.eu\/fr\/2025\/10\/28\/comment-le-theatre-peut-aider-les-eleves-a-apprendre-le-projet-medea-sum\/\"><\/a><\/div><\/div><\/article><article class=\"wpgb-card wpgb-card-1 wpgb-post-648\" data-col=\"1\" data-row=\"1\" data-format=\"standard\"><div class=\"wpgb-card-wrapper\"><div class=\"wpgb-card-inner\" data-action><div class=\"wpgb-card-media wpgb-scheme-light\"><svg data-ratio style=\"padding-top:119.27%\" viewBox=\"0 0 768 916\" aria-hidden=\"true\"><\/svg><div class=\"wpgb-card-media-thumbnail\"><a href=\"https:\/\/medea-sum.eu\/wp-content\/uploads\/2025\/09\/Medea-Sandys.jpg\" tabindex=\"-1\" class=\"wpgb-handle-lb wpgb-lightbox\" data-type=\"image\" data-rel=\"3\" data-title=\"Medea-Sandys\" title=\"Agrandir la photo\"><div style=\"background-image:url(https:\/\/medea-sum.eu\/wp-content\/uploads\/2025\/09\/Medea-Sandys-768x916.jpg)\"><\/div><noscript><img loading=\"lazy\" decoding=\"async\" class=\"wpgb-noscript-img\" src=\"https:\/\/medea-sum.eu\/wp-content\/uploads\/2025\/09\/Medea-Sandys-768x916.jpg\" alt=\"\" height=\"916\" width=\"768\"><\/noscript><\/a><\/div><div class=\"wpgb-card-media-overlay\"><\/div><\/div><div class=\"wpgb-card-content wpgb-scheme-dark\"><div class=\"wpgb-card-body\"><time class=\"wpgb-block-1\" datetime=\"2025-09-10T10:21:47+00:00\">10\/09\/2025<\/time><h3 class=\"wpgb-block-2\">Medea Sum : r\u00e9inventer l\u2019acc\u00e8s \u00e0 la culture classique \u00e0 l\u2019\u00e9cole<\/h3><p class=\"wpgb-block-3\">Et si les mythes grecs devenaient des leviers d\u2019inclusion, de cr\u00e9ativit\u00e9 et de r\u00e9flexion citoyenne ? C\u2019est le pari de Medea Sum, un projet Erasmus+ de coop\u00e9ration entre \u00e9tablissements scolaires, qui vient de d\u00e9marrer en...<\/p><\/div><\/div><a class=\"wpgb-card-layer-link\" aria-label=\"Medea Sum : r\u00e9inventer l\u2019acc\u00e8s \u00e0 la culture classique \u00e0 l\u2019\u00e9cole\" href=\"https:\/\/medea-sum.eu\/fr\/2025\/09\/10\/medea-sum-reinventer-lacces-a-la-culture-classique-a-lecole\/\"><\/a><\/div><\/div><\/article>\t\t<\/div>\n\t<\/div>\n\t<\/div>\n\t<\/div>\n\t\t<\/div>\n<\/div>\n[\/et_pb_code][\/et_pb_column][\/et_pb_row][\/et_pb_section][et_pb_section fb_built=\u00a0\u00bb1&Prime; module_class=\u00a0\u00bbhome-toolkit\u00a0\u00bb _builder_version=\u00a0\u00bb4.27.4&Prime; _module_preset=\u00a0\u00bbdefault\u00a0\u00bb background_color=\u00a0\u00bb#000000&Prime; use_background_color_gradient=\u00a0\u00bbon\u00a0\u00bb background_color_gradient_direction=\u00a0\u00bb135deg\u00a0\u00bb background_color_gradient_stops=\u00a0\u00bb#000000 50%|#ff0000 90%\u00a0\u00bb global_colors_info=\u00a0\u00bb{}\u00a0\u00bb][et_pb_row column_structure=\u00a0\u00bb1_2,1_2&Prime; make_equal=\u00a0\u00bbon\u00a0\u00bb _builder_version=\u00a0\u00bb4.27.4&Prime; _module_preset=\u00a0\u00bbdefault\u00a0\u00bb custom_padding=\u00a0\u00bb0px||0px||true|false\u00a0\u00bb global_colors_info=\u00a0\u00bb{}\u00a0\u00bb][et_pb_column type=\u00a0\u00bb1_2&Prime; module_class=\u00a0\u00bbdc-centrer-verticalement\u00a0\u00bb _builder_version=\u00a0\u00bb4.27.4&Prime; _module_preset=\u00a0\u00bbdefault\u00a0\u00bb global_colors_info=\u00a0\u00bb{}\u00a0\u00bb][et_pb_text _builder_version=\u00a0\u00bb4.27.4&Prime; _module_preset=\u00a0\u00bb85f4add0-cad4-4dbb-b23e-a5f96661612a\u00a0\u00bb text_text_color=\u00a0\u00bb#FFF9F9&Prime; header_2_text_color=\u00a0\u00bb#FFF9F9&Prime; global_colors_info=\u00a0\u00bb{}\u00a0\u00bb]<\/p>\n<h2>Bo\u00eete \u00e0 outils<\/h2>\n<p>Une bo\u00eete \u00e0 outils \u00ab Medea Sum \u00bb \u00e0 tester \u00e0 l&rsquo;\u00e9cole, combinant des \u00e9l\u00e9ments th\u00e9\u00e2traux et narratifs.<\/p>\n<p>[\/et_pb_text][et_pb_button button_url=\u00a0\u00bb@ET-DC@eyJkeW5hbWljIjp0cnVlLCJjb250ZW50IjoicG9zdF9saW5rX3VybF9wYWdlIiwic2V0dGluZ3MiOnsicG9zdF9pZCI6Ijk2In19@\u00a0\u00bb button_text=\u00a0\u00bbObtenir la bo\u00eete \u00e0 outils\u00a0\u00bb _builder_version=\u00a0\u00bb4.27.4&Prime; _dynamic_attributes=\u00a0\u00bbbutton_url\u00a0\u00bb _module_preset=\u00a0\u00bbfb35bcda-d9b4-4dc8-9922-d372b9b4756a\u00a0\u00bb global_colors_info=\u00a0\u00bb{}\u00a0\u00bb][\/et_pb_button][\/et_pb_column][et_pb_column type=\u00a0\u00bb1_2&Prime; module_class=\u00a0\u00bbdc-centrer-verticalement\u00a0\u00bb _builder_version=\u00a0\u00bb4.27.4&Prime; _module_preset=\u00a0\u00bbdefault\u00a0\u00bb global_colors_info=\u00a0\u00bb{}\u00a0\u00bb][et_pb_image src=\u00a0\u00bbhttps:\/\/medea-sum.eu\/wp-content\/uploads\/2025\/09\/toolkit.png\u00a0\u00bb title_text=\u00a0\u00bbbo\u00eete \u00e0 outils\u00a0\u00bb _builder_version=\u00a0\u00bb4.27.4&Prime; _module_preset=\u00a0\u00bbdefault\u00a0\u00bb max_height=\u00a0\u00bb510px\u00a0\u00bb global_colors_info=\u00a0\u00bb{}\u00a0\u00bb][\/et_pb_image][\/et_pb_column][\/et_pb_row][\/et_pb_section][et_pb_section fb_built=\u00a0\u00bb1&Prime; _builder_version=\u00a0\u00bb4.27.4&Prime; _module_preset=\u00a0\u00bbdefault\u00a0\u00bb global_colors_info=\u00a0\u00bb{}\u00a0\u00bb][et_pb_row column_structure=\u00a0\u00bb1_2,1_2&Prime; make_equal=\u00a0\u00bbon\u00a0\u00bb _builder_version=\u00a0\u00bb4.27.4&Prime; _module_preset=\u00a0\u00bbdefault\u00a0\u00bb custom_padding=\u00a0\u00bb0px||0px||true|false\u00a0\u00bb global_colors_info=\u00a0\u00bb{}\u00a0\u00bb][et_pb_column type=\u00a0\u00bb1_2&Prime; _builder_version=\u00a0\u00bb4.27.4&Prime; _module_preset=\u00a0\u00bbdefault\u00a0\u00bb global_colors_info=\u00a0\u00bb{}\u00a0\u00bb][et_pb_text _builder_version=\u00a0\u00bb4.27.4&Prime; _module_preset=\u00a0\u00bbcee7489d-3f5e-4612-aa85-cee65981182e\u00a0\u00bb global_colors_info=\u00a0\u00bb{}\u00a0\u00bb]<\/p>\n<h2>Les partenaires du projet<\/h2>\n<p>[\/et_pb_text][\/et_pb_column][et_pb_column type=\u00a0\u00bb1_2&Prime; module_class=\u00a0\u00bbhome-partners__col2&Prime; _builder_version=\u00a0\u00bb4.27.4&Prime; _module_preset=\u00a0\u00bbdefault\u00a0\u00bb global_colors_info=\u00a0\u00bb{}\u00a0\u00bb][et_pb_image src=\u00a0\u00bbhttps:\/\/medea-sum.eu\/wp-content\/uploads\/2025\/09\/les-expeditions.png\u00a0\u00bb alt=\u00a0\u00bbLes Exp\u00e9ditions\u00a0\u00bb title_text=\u00a0\u00bbles-expeditions\u00a0\u00bb show_bottom_space=\u00a0\u00bboff\u00a0\u00bb _builder_version=\u00a0\u00bb4.27.4&Prime; _module_preset=\u00a0\u00bbdefault\u00a0\u00bb global_colors_info=\u00a0\u00bb{}\u00a0\u00bb][\/et_pb_image][et_pb_image src=\u00a0\u00bbhttps:\/\/medea-sum.eu\/wp-content\/uploads\/2025\/09\/elan.png\u00a0\u00bb alt=\u00a0\u00bbELAN &#8211; European Literacy For All Network\u00a0\u00bb title_text=\u00a0\u00bbelan\u00a0\u00bb show_bottom_space=\u00a0\u00bboff\u00a0\u00bb _builder_version=\u00a0\u00bb4.27.4&Prime; _module_preset=\u00a0\u00bbdefault\u00a0\u00bb global_colors_info=\u00a0\u00bb{}\u00a0\u00bb][\/et_pb_image][et_pb_image src=\u00a0\u00bbhttps:\/\/medea-sum.eu\/wp-content\/uploads\/2025\/09\/mistery-tour.png\u00a0\u00bb alt=\u00a0\u00bbMistery Tour\u00a0\u00bb title_text=\u00a0\u00bbmistery-tour\u00a0\u00bb _builder_version=\u00a0\u00bb4.27.4&Prime; _module_preset=\u00a0\u00bbdefault\u00a0\u00bb global_colors_info=\u00a0\u00bb{}\u00a0\u00bb][\/et_pb_image][\/et_pb_column][\/et_pb_row][\/et_pb_section]<\/p>\n","protected":false},"excerpt":{"rendered":"<p>[et_pb_section fb_built=\u00a0\u00bb1&Prime; custom_padding_last_edited=\u00a0\u00bboff|desktop\u00a0\u00bb module_class=\u00a0\u00bbhome-header\u00a0\u00bb _builder_version=\u00a0\u00bb4.27.4&Prime; _module_preset=\u00a0\u00bb8fadd063-f093-402d-888a-2819531cb5dc\u00a0\u00bb use_background_color_gradient=\u00a0\u00bbon\u00a0\u00bb background_color_gradient_direction=\u00a0\u00bb45deg\u00a0\u00bb background_color_gradient_stops=\u00a0\u00bbrgba(0,207,255,0.2) 0%|rgba(0,207,255,0) 50%\u00a0\u00bb overflow-x=\u00a0\u00bbhidden\u00a0\u00bb overflow-y=\u00a0\u00bbvisible\u00a0\u00bb custom_padding=\u00a0\u00bb0px||0px||true|false\u00a0\u00bb custom_padding_tablet=\u00a0\u00bb||||false|false\u00a0\u00bb global_colors_info=\u00a0\u00bb{}\u00a0\u00bb][et_pb_row column_structure=\u00a0\u00bb1_2,1_2&Prime; make_equal=\u00a0\u00bbon\u00a0\u00bb custom_padding_last_edited=\u00a0\u00bboff|desktop\u00a0\u00bb _builder_version=\u00a0\u00bb4.27.4&Prime; _module_preset=\u00a0\u00bbdefault\u00a0\u00bb positioning=\u00a0\u00bbnone\u00a0\u00bb min_height=\u00a0\u00bb100vh\u00a0\u00bb custom_padding=\u00a0\u00bb70px||70px||true|false\u00a0\u00bb global_colors_info=\u00a0\u00bb{}\u00a0\u00bb][et_pb_column type=\u00a0\u00bb1_2&Prime; _builder_version=\u00a0\u00bb4.27.4&Prime; _module_preset=\u00a0\u00bbdefault\u00a0\u00bb global_colors_info=\u00a0\u00bb{}\u00a0\u00bb][et_pb_text _builder_version=\u00a0\u00bb4.27.4&Prime; _module_preset=\u00a0\u00bbcee7489d-3f5e-4612-aa85-cee65981182e\u00a0\u00bb max_width=\u00a0\u00bb520px\u00a0\u00bb global_colors_info=\u00a0\u00bb{}\u00a0\u00bb] Medea Sum Un projet europ\u00e9en visant \u00e0 d\u00e9mocratiser l&rsquo;acc\u00e8s \u00e0 la culture classique gr\u00e2ce \u00e0 une p\u00e9dagogie interactive et inclusive. [\/et_pb_text][et_pb_button button_url=\u00a0\u00bb@ET-DC@eyJkeW5hbWljIjp0cnVlLCJjb250ZW50IjoicG9zdF9saW5rX3VybF9wYWdlIiwic2V0dGluZ3MiOnsicG9zdF9pZCI6IjU1MSJ9fQ==@\u00a0\u00bb [&hellip;]<\/p>\n","protected":false},"author":1,"featured_media":0,"parent":0,"menu_order":0,"comment_status":"closed","ping_status":"closed","template":"","meta":{"_acf_changed":false,"_et_pb_use_builder":"on","_et_pb_old_content":"","_et_gb_content_width":"","footnotes":""},"class_list":["post-677","page","type-page","status-publish","hentry"],"acf":[],"_links":{"self":[{"href":"https:\/\/medea-sum.eu\/fr\/wp-json\/wp\/v2\/pages\/677","targetHints":{"allow":["GET"]}}],"collection":[{"href":"https:\/\/medea-sum.eu\/fr\/wp-json\/wp\/v2\/pages"}],"about":[{"href":"https:\/\/medea-sum.eu\/fr\/wp-json\/wp\/v2\/types\/page"}],"author":[{"embeddable":true,"href":"https:\/\/medea-sum.eu\/fr\/wp-json\/wp\/v2\/users\/1"}],"replies":[{"embeddable":true,"href":"https:\/\/medea-sum.eu\/fr\/wp-json\/wp\/v2\/comments?post=677"}],"version-history":[{"count":4,"href":"https:\/\/medea-sum.eu\/fr\/wp-json\/wp\/v2\/pages\/677\/revisions"}],"predecessor-version":[{"id":870,"href":"https:\/\/medea-sum.eu\/fr\/wp-json\/wp\/v2\/pages\/677\/revisions\/870"}],"wp:attachment":[{"href":"https:\/\/medea-sum.eu\/fr\/wp-json\/wp\/v2\/media?parent=677"}],"curies":[{"name":"wp","href":"https:\/\/api.w.org\/{rel}","templated":true}]}}